{"id":215,"date":"2022-12-18T22:39:58","date_gmt":"2022-12-18T22:39:58","guid":{"rendered":"https:\/\/engineerandpoet.com\/?page_id=215"},"modified":"2025-04-28T02:32:39","modified_gmt":"2025-04-28T01:32:39","slug":"poesia","status":"publish","type":"page","link":"https:\/\/engineerandpoet.com\/index.php\/poesia\/","title":{"rendered":"Poes\u00eda"},"content":{"rendered":"\t\t<div data-elementor-type=\"wp-page\" data-elementor-id=\"215\" class=\"elementor elementor-215\">\n\t\t\t\t\t\t<section class=\"elementor-section elementor-top-section elementor-element elementor-element-53d9921d elementor-section-height-min-height elementor-section-boxed elementor-section-height-default elementor-section-items-middle\" data-id=\"53d9921d\" data-element_type=\"section\" data-settings=\"{&quot;background_background&quot;:&quot;classic&quot;}\">\n\t\t\t\t\t\t\t<div class=\"elementor-background-overlay\"><\/div>\n\t\t\t\t\t\t\t<div class=\"elementor-container elementor-column-gap-default\">\n\t\t\t\t\t<div class=\"elementor-column elementor-col-100 elementor-top-column elementor-element elementor-element-24ef204b\" data-id=\"24ef204b\" data-element_type=\"column\">\n\t\t\t<div class=\"elementor-widget-wrap elementor-element-populated\">\n\t\t\t\t\t\t<div class=\"elementor-element elementor-element-1d53b25c elementor-widget elementor-widget-heading\" data-id=\"1d53b25c\" data-element_type=\"widget\" data-widget_type=\"heading.default\">\n\t\t\t\t<div class=\"elementor-widget-container\">\n\t\t\t\t\t<h1 class=\"elementor-heading-title elementor-size-default\">Libros Poes\u00eda<br><br><\/h1>\t\t\t\t<\/div>\n\t\t\t\t<\/div>\n\t\t\t\t<div class=\"elementor-element elementor-element-6b173369 elementor-widget elementor-widget-heading\" data-id=\"6b173369\" data-element_type=\"widget\" data-widget_type=\"heading.default\">\n\t\t\t\t<div class=\"elementor-widget-container\">\n\t\t\t\t\t<h5 class=\"elementor-heading-title elementor-size-default\">\"poner otro slogan marketing\"<\/h5>\t\t\t\t<\/div>\n\t\t\t\t<\/div>\n\t\t\t\t<div class=\"elementor-element elementor-element-1b29f617 elementor-widget elementor-widget-text-editor\" data-id=\"1b29f617\" data-element_type=\"widget\" data-widget_type=\"text-editor.default\">\n\t\t\t\t<div class=\"elementor-widget-container\">\n\t\t\t\t\t\t\t\t\t<p>&#8220;otro slogan menos intenso&#8221;<\/p>\t\t\t\t\t\t\t\t<\/div>\n\t\t\t\t<\/div>\n\t\t\t\t\t<\/div>\n\t\t<\/div>\n\t\t\t\t\t<\/div>\n\t\t<\/section>\n\t\t\t\t<section class=\"elementor-section elementor-top-section elementor-element elementor-element-45c1e943 elementor-section-boxed elementor-section-height-default elementor-section-height-default\" data-id=\"45c1e943\" data-element_type=\"section\" data-settings=\"{&quot;background_background&quot;:&quot;classic&quot;}\">\n\t\t\t\t\t\t<div class=\"elementor-container elementor-column-gap-no\">\n\t\t\t\t\t<div class=\"elementor-column elementor-col-100 elementor-top-column elementor-element elementor-element-6e40fe76\" data-id=\"6e40fe76\" data-element_type=\"column\">\n\t\t\t<div class=\"elementor-widget-wrap elementor-element-populated\">\n\t\t\t\t\t\t<section class=\"elementor-section elementor-inner-section elementor-element elementor-element-84f0ead elementor-section-boxed elementor-section-height-default elementor-section-height-default\" data-id=\"84f0ead\" data-element_type=\"section\">\n\t\t\t\t\t\t<div class=\"elementor-container elementor-column-gap-no\">\n\t\t\t\t\t<div class=\"elementor-column elementor-col-50 elementor-inner-column elementor-element elementor-element-2c44e9f elementor-invisible\" data-id=\"2c44e9f\" data-element_type=\"column\" data-settings=\"{&quot;background_background&quot;:&quot;classic&quot;,&quot;animation&quot;:&quot;fadeInUp&quot;}\">\n\t\t\t<div class=\"elementor-widget-wrap elementor-element-populated\">\n\t\t\t\t\t\t<div class=\"elementor-element elementor-element-4bb0bdc elementor-widget elementor-widget-heading\" data-id=\"4bb0bdc\" data-element_type=\"widget\" data-widget_type=\"heading.default\">\n\t\t\t\t<div class=\"elementor-widget-container\">\n\t\t\t\t\t<h2 class=\"elementor-heading-title elementor-size-default\"># 1 desenga\u00f1o:<br>el Ciclo del amor rom\u00e1ntico<\/h2>\t\t\t\t<\/div>\n\t\t\t\t<\/div>\n\t\t\t\t<div class=\"elementor-element elementor-element-97843de elementor-widget elementor-widget-text-editor\" data-id=\"97843de\" data-element_type=\"widget\" data-widget_type=\"text-editor.default\">\n\t\t\t\t<div class=\"elementor-widget-container\">\n\t\t\t\t\t\t\t\t\t<p>2021<span lang=\"ES\">\u00a0\u00a0<\/span><\/p><p>.<\/p><p>.<\/p><p>.<\/p><p>.<\/p><p>.<\/p><p>.<\/p>\t\t\t\t\t\t\t\t<\/div>\n\t\t\t\t<\/div>\n\t\t\t\t<div class=\"elementor-element elementor-element-671f1f7 elementor-widget elementor-widget-button\" data-id=\"671f1f7\" data-element_type=\"widget\" data-widget_type=\"button.default\">\n\t\t\t\t<div class=\"elementor-widget-container\">\n\t\t\t\t\t\t\t\t\t<div class=\"elementor-button-wrapper\">\n\t\t\t\t\t<a class=\"elementor-button elementor-button-link elementor-size-sm elementor-animation-shrink\" href=\"https:\/\/engineerandpoet.com\/index.php\/poesia\/1-desengano-romantico\/\">\n\t\t\t\t\t\t<span class=\"elementor-button-content-wrapper\">\n\t\t\t\t\t\t<span class=\"elementor-button-icon\">\n\t\t\t\t<svg aria-hidden=\"true\" class=\"e-font-icon-svg e-fas-external-link-alt\" viewBox=\"0 0 512 512\" xmlns=\"http:\/\/www.w3.org\/2000\/svg\"><path d=\"M432,320H400a16,16,0,0,0-16,16V448H64V128H208a16,16,0,0,0,16-16V80a16,16,0,0,0-16-16H48A48,48,0,0,0,0,112V464a48,48,0,0,0,48,48H400a48,48,0,0,0,48-48V336A16,16,0,0,0,432,320ZM488,0h-128c-21.37,0-32.05,25.91-17,41l35.73,35.73L135,320.37a24,24,0,0,0,0,34L157.67,377a24,24,0,0,0,34,0L435.28,133.32,471,169c15,15,41,4.5,41-17V24A24,24,0,0,0,488,0Z\"><\/path><\/svg>\t\t\t<\/span>\n\t\t\t\t\t\t\t\t\t<span class=\"elementor-button-text\">L\u00e9eme<\/span>\n\t\t\t\t\t<\/span>\n\t\t\t\t\t<\/a>\n\t\t\t\t<\/div>\n\t\t\t\t\t\t\t\t<\/div>\n\t\t\t\t<\/div>\n\t\t\t\t\t<\/div>\n\t\t<\/div>\n\t\t\t\t<div class=\"elementor-column elementor-col-50 elementor-inner-column elementor-element elementor-element-91eba2c elementor-invisible\" data-id=\"91eba2c\" data-element_type=\"column\" data-settings=\"{&quot;background_background&quot;:&quot;classic&quot;,&quot;animation&quot;:&quot;fadeInUp&quot;,&quot;animation_delay&quot;:400}\">\n\t\t\t<div class=\"elementor-widget-wrap elementor-element-populated\">\n\t\t\t\t\t<div class=\"elementor-background-overlay\"><\/div>\n\t\t\t\t\t\t<div class=\"elementor-element elementor-element-4df6817 elementor-widget elementor-widget-heading\" data-id=\"4df6817\" data-element_type=\"widget\" data-widget_type=\"heading.default\">\n\t\t\t\t<div class=\"elementor-widget-container\">\n\t\t\t\t\t<h2 class=\"elementor-heading-title elementor-size-default\"># 2 C\u00e1rcel de Autocompasi\u00f3n<\/h2>\t\t\t\t<\/div>\n\t\t\t\t<\/div>\n\t\t\t\t<div class=\"elementor-element elementor-element-f668c85 elementor-widget elementor-widget-text-editor\" data-id=\"f668c85\" data-element_type=\"widget\" data-widget_type=\"text-editor.default\">\n\t\t\t\t<div class=\"elementor-widget-container\">\n\t\t\t\t\t\t\t\t\t<div class=\"cXedhc\"><div>2022<\/div><div>\u00a0<\/div><div>.<\/div><div>.<\/div><div>.<\/div><div>.<\/div><div>.<\/div><div>.<\/div><div>.<\/div><div>.<\/div><div>..<\/div><div>.<\/div><div>\u00a0<\/div><\/div>\t\t\t\t\t\t\t\t<\/div>\n\t\t\t\t<\/div>\n\t\t\t\t<div class=\"elementor-element elementor-element-0a48e32 elementor-widget elementor-widget-button\" data-id=\"0a48e32\" data-element_type=\"widget\" data-widget_type=\"button.default\">\n\t\t\t\t<div class=\"elementor-widget-container\">\n\t\t\t\t\t\t\t\t\t<div class=\"elementor-button-wrapper\">\n\t\t\t\t\t<a class=\"elementor-button elementor-button-link elementor-size-md elementor-animation-shrink\" href=\"https:\/\/engineerandpoet.com\/index.php\/poesia\/2-carcel-de-autocompasion\/\">\n\t\t\t\t\t\t<span class=\"elementor-button-content-wrapper\">\n\t\t\t\t\t\t<span class=\"elementor-button-icon\">\n\t\t\t\t<svg aria-hidden=\"true\" class=\"e-font-icon-svg e-fas-external-link-alt\" viewBox=\"0 0 512 512\" xmlns=\"http:\/\/www.w3.org\/2000\/svg\"><path d=\"M432,320H400a16,16,0,0,0-16,16V448H64V128H208a16,16,0,0,0,16-16V80a16,16,0,0,0-16-16H48A48,48,0,0,0,0,112V464a48,48,0,0,0,48,48H400a48,48,0,0,0,48-48V336A16,16,0,0,0,432,320ZM488,0h-128c-21.37,0-32.05,25.91-17,41l35.73,35.73L135,320.37a24,24,0,0,0,0,34L157.67,377a24,24,0,0,0,34,0L435.28,133.32,471,169c15,15,41,4.5,41-17V24A24,24,0,0,0,488,0Z\"><\/path><\/svg>\t\t\t<\/span>\n\t\t\t\t\t\t\t\t\t<span class=\"elementor-button-text\">S\u00edgueme<\/span>\n\t\t\t\t\t<\/span>\n\t\t\t\t\t<\/a>\n\t\t\t\t<\/div>\n\t\t\t\t\t\t\t\t<\/div>\n\t\t\t\t<\/div>\n\t\t\t\t\t<\/div>\n\t\t<\/div>\n\t\t\t\t\t<\/div>\n\t\t<\/section>\n\t\t\t\t<section class=\"elementor-section elementor-inner-section elementor-element elementor-element-80c87f3 elementor-section-boxed elementor-section-height-default elementor-section-height-default\" data-id=\"80c87f3\" data-element_type=\"section\">\n\t\t\t\t\t\t<div class=\"elementor-container elementor-column-gap-no\">\n\t\t\t\t\t<div class=\"elementor-column elementor-col-50 elementor-inner-column elementor-element elementor-element-5be6928 elementor-invisible\" data-id=\"5be6928\" data-element_type=\"column\" data-settings=\"{&quot;background_background&quot;:&quot;classic&quot;,&quot;animation&quot;:&quot;fadeInUp&quot;}\">\n\t\t\t<div class=\"elementor-widget-wrap elementor-element-populated\">\n\t\t\t\t\t\t<div class=\"elementor-element elementor-element-682259d elementor-widget elementor-widget-text-editor\" data-id=\"682259d\" data-element_type=\"widget\" data-widget_type=\"text-editor.default\">\n\t\t\t\t<div class=\"elementor-widget-container\">\n\t\t\t\t\t\t\t\t\t<p><strong>Puede el amor rom\u00e1ntico convertirse en un espejismo que ahoga?<\/strong><\/p><p>Este poemario desnuda las etapas del enamoramiento: desde la idealizaci\u00f3n febril del otro \u2014donde cada verso es un altar a lo perfecto\u2014, hasta el derrumbe de ese santuario. Las discusiones, el silencio que se instala entre dos cuerpos, y el vac\u00edo que intenta llenarse con botellas de falsa calma.<\/p><p>El alcohol aqu\u00ed no es un escape, sino un personaje m\u00e1s: un c\u00f3mplice que enciende ansiedades en la resaca, acelera distancias y revela verdades crudas. Entre la niebla et\u00edlica, el protagonista descubre que salvarse implica soltar: romper el ciclo, perdonar lo que no fue, y transformar el amor fallido en un puente hacia la libertad.<\/p><p><strong>Un viaje en cuatro actos<\/strong>:<\/p><ol><li><strong>El v\u00e9rtigo del enamoramiento<\/strong>\u00a0(cuando el otro es un dios sin defectos).<\/li><li><strong>La grieta<\/strong>\u00a0(discordia, desencuentros, y el alcohol como testigo mudo).<\/li><li><strong>El abismo<\/strong>\u00a0(ansiedad que muerde al amanecer, y la decisi\u00f3n de huir de s\u00ed mismo).<\/li><li><strong>El renacer<\/strong>\u00a0(soltar, sanar, y encontrar en las ruinas una nueva forma de querer).<\/li><\/ol><p><em>\u00bfEs posible beber de la memoria sin intoxicarse?<\/em>\u00a0Estos poemas no dan respuestas, pero acompa\u00f1an en el viaje de quien se atreve a dejar ir.<\/p><p>\u00a0<\/p><p>\u00a0<\/p>\t\t\t\t\t\t\t\t<\/div>\n\t\t\t\t<\/div>\n\t\t\t\t<div class=\"elementor-element elementor-element-31999d0 elementor-widget elementor-widget-button\" data-id=\"31999d0\" data-element_type=\"widget\" data-widget_type=\"button.default\">\n\t\t\t\t<div class=\"elementor-widget-container\">\n\t\t\t\t\t\t\t\t\t<div class=\"elementor-button-wrapper\">\n\t\t\t\t\t<a class=\"elementor-button elementor-button-link elementor-size-sm elementor-animation-shrink\" href=\"https:\/\/engineerandpoet.com\/index.php\/poesia\/1-desengano-romantico\/\">\n\t\t\t\t\t\t<span class=\"elementor-button-content-wrapper\">\n\t\t\t\t\t\t<span class=\"elementor-button-icon\">\n\t\t\t\t<svg aria-hidden=\"true\" class=\"e-font-icon-svg e-fas-external-link-alt\" viewBox=\"0 0 512 512\" xmlns=\"http:\/\/www.w3.org\/2000\/svg\"><path d=\"M432,320H400a16,16,0,0,0-16,16V448H64V128H208a16,16,0,0,0,16-16V80a16,16,0,0,0-16-16H48A48,48,0,0,0,0,112V464a48,48,0,0,0,48,48H400a48,48,0,0,0,48-48V336A16,16,0,0,0,432,320ZM488,0h-128c-21.37,0-32.05,25.91-17,41l35.73,35.73L135,320.37a24,24,0,0,0,0,34L157.67,377a24,24,0,0,0,34,0L435.28,133.32,471,169c15,15,41,4.5,41-17V24A24,24,0,0,0,488,0Z\"><\/path><\/svg>\t\t\t<\/span>\n\t\t\t\t\t\t\t\t\t<span class=\"elementor-button-text\">L\u00e9eme<\/span>\n\t\t\t\t\t<\/span>\n\t\t\t\t\t<\/a>\n\t\t\t\t<\/div>\n\t\t\t\t\t\t\t\t<\/div>\n\t\t\t\t<\/div>\n\t\t\t\t\t<\/div>\n\t\t<\/div>\n\t\t\t\t<div class=\"elementor-column elementor-col-50 elementor-inner-column elementor-element elementor-element-021bccb elementor-invisible\" data-id=\"021bccb\" data-element_type=\"column\" data-settings=\"{&quot;background_background&quot;:&quot;classic&quot;,&quot;animation&quot;:&quot;fadeInUp&quot;,&quot;animation_delay&quot;:400}\">\n\t\t\t<div class=\"elementor-widget-wrap elementor-element-populated\">\n\t\t\t\t\t<div class=\"elementor-background-overlay\"><\/div>\n\t\t\t\t\t\t<div class=\"elementor-element elementor-element-582c5bf elementor-widget elementor-widget-text-editor\" data-id=\"582c5bf\" data-element_type=\"widget\" data-widget_type=\"text-editor.default\">\n\t\t\t\t<div class=\"elementor-widget-container\">\n\t\t\t\t\t\t\t\t\t<p><strong><em>\u00bfQu\u00e9 ocurre cuando el dolor nos convence de que somos invisibles?<\/em><\/strong><\/p><p><em>C\u00e1rcel de autocompasi\u00f3n<\/em> es un viaje en verso a trav\u00e9s de los paisajes m\u00e1s crudos del alma: <strong>la depresi\u00f3n que ahoga, la soledad que enga\u00f1a y la lucha por recuperar la propia identidad<\/strong>. Carme, poeta y gu\u00eda en esta traves\u00eda, no te ofrece respuestas f\u00e1ciles, sino <strong>un mapa escrito con cicatrices y esperanza<\/strong>.<\/p><p><strong>En estas p\u00e1ginas navegar\u00e1s<\/strong>:<\/p><ul><li><strong>Por aguas traicioneras<\/strong>: Donde el ego se disfraza de refugio y las promesas del olvido se rompen contra rocas afiladas.<\/li><li><strong>Hacia el coraz\u00f3n del caos<\/strong>: Donde la raz\u00f3n se quiebra y solo queda enfrentar a los monstruos de la autodestrucci\u00f3n (el alcohol, el cinismo, la fiebre del vac\u00edo).<\/li><li><strong>Hasta el rugido que lo cambia todo<\/strong>: En el poema 25, un le\u00f3n sagrado grita <em>&#8220;Recuerda qui\u00e9n eres&#8221;<\/em>, y la voz po\u00e9tica resurge con <strong>perd\u00f3n, amor y recuerdos de infancia<\/strong><\/li><\/ul><p><strong>Este libro es para ti si<\/strong>:<\/p><ul><li>Has sentido que <strong>la autocompasi\u00f3n es una prisi\u00f3n<\/strong> y buscas claves para salir de ella.<\/li><li>Crees que <strong>la poes\u00eda no debe esconder las grietas<\/strong>, sino iluminarlas.<\/li><li>Necesitas recordar que <strong>la amistad y la esperanza<\/strong> pueden ser balsas en medio del naufragio.<\/li><\/ul><p><strong>\u00bfPor qu\u00e9 acompa\u00f1ar a Carme en este viaje?<\/strong><br \/>Porque no es una poeta que observe el dolor desde lejos: <strong>rema en la misma barca que t\u00fa<\/strong>, con miedo y valent\u00eda. Sus versos no transforman el caos en respuestas, sino en <strong>arte honesto<\/strong> que cuestiona, sangra y, al final, abraza.<\/p><p><em>&#8220;La verdadera liberaci\u00f3n no est\u00e1 en huir de uno mismo, sino en volver a casa entre las ruinas.&#8221;<\/em><\/p>\t\t\t\t\t\t\t\t<\/div>\n\t\t\t\t<\/div>\n\t\t\t\t<div class=\"elementor-element elementor-element-329a1f1 elementor-widget elementor-widget-button\" data-id=\"329a1f1\" data-element_type=\"widget\" data-widget_type=\"button.default\">\n\t\t\t\t<div class=\"elementor-widget-container\">\n\t\t\t\t\t\t\t\t\t<div class=\"elementor-button-wrapper\">\n\t\t\t\t\t<a class=\"elementor-button elementor-button-link elementor-size-md elementor-animation-shrink\" href=\"https:\/\/engineerandpoet.com\/index.php\/poesia\/2-carcel-de-autocompasion\/\">\n\t\t\t\t\t\t<span class=\"elementor-button-content-wrapper\">\n\t\t\t\t\t\t<span class=\"elementor-button-icon\">\n\t\t\t\t<svg aria-hidden=\"true\" class=\"e-font-icon-svg e-fas-external-link-alt\" viewBox=\"0 0 512 512\" xmlns=\"http:\/\/www.w3.org\/2000\/svg\"><path d=\"M432,320H400a16,16,0,0,0-16,16V448H64V128H208a16,16,0,0,0,16-16V80a16,16,0,0,0-16-16H48A48,48,0,0,0,0,112V464a48,48,0,0,0,48,48H400a48,48,0,0,0,48-48V336A16,16,0,0,0,432,320ZM488,0h-128c-21.37,0-32.05,25.91-17,41l35.73,35.73L135,320.37a24,24,0,0,0,0,34L157.67,377a24,24,0,0,0,34,0L435.28,133.32,471,169c15,15,41,4.5,41-17V24A24,24,0,0,0,488,0Z\"><\/path><\/svg>\t\t\t<\/span>\n\t\t\t\t\t\t\t\t\t<span class=\"elementor-button-text\">S\u00edgueme<\/span>\n\t\t\t\t\t<\/span>\n\t\t\t\t\t<\/a>\n\t\t\t\t<\/div>\n\t\t\t\t\t\t\t\t<\/div>\n\t\t\t\t<\/div>\n\t\t\t\t\t<\/div>\n\t\t<\/div>\n\t\t\t\t\t<\/div>\n\t\t<\/section>\n\t\t\t\t\t<\/div>\n\t\t<\/div>\n\t\t\t\t\t<\/div>\n\t\t<\/section>\n\t\t\t\t<section class=\"elementor-section elementor-top-section elementor-element elementor-element-189c98c6 elementor-section-content-middle elementor-section-boxed elementor-section-height-default elementor-section-height-default\" data-id=\"189c98c6\" data-element_type=\"section\">\n\t\t\t\t\t\t<div class=\"elementor-container elementor-column-gap-default\">\n\t\t\t\t\t<div class=\"elementor-column elementor-col-50 elementor-top-column elementor-element elementor-element-4d8eb127\" data-id=\"4d8eb127\" data-element_type=\"column\">\n\t\t\t<div class=\"elementor-widget-wrap elementor-element-populated\">\n\t\t\t\t\t\t<div class=\"elementor-element elementor-element-1918411e elementor-widget__width-initial elementor-widget elementor-widget-heading\" data-id=\"1918411e\" data-element_type=\"widget\" data-widget_type=\"heading.default\">\n\t\t\t\t<div class=\"elementor-widget-container\">\n\t\t\t\t\t<h3 class=\"elementor-heading-title elementor-size-default\">Si te gustar\u00eda leer m\u00e1s... s\u00famate al patreon!<\/h3>\t\t\t\t<\/div>\n\t\t\t\t<\/div>\n\t\t\t\t\t<\/div>\n\t\t<\/div>\n\t\t\t\t<div class=\"elementor-column elementor-col-50 elementor-top-column elementor-element elementor-element-a41a541\" data-id=\"a41a541\" data-element_type=\"column\">\n\t\t\t<div class=\"elementor-widget-wrap elementor-element-populated\">\n\t\t\t\t\t\t<div class=\"elementor-element elementor-element-4dbfc55c e-grid-align-mobile-center elementor-shape-rounded elementor-grid-0 e-grid-align-center elementor-widget elementor-widget-social-icons\" data-id=\"4dbfc55c\" data-element_type=\"widget\" data-widget_type=\"social-icons.default\">\n\t\t\t\t<div class=\"elementor-widget-container\">\n\t\t\t\t\t\t\t<div class=\"elementor-social-icons-wrapper elementor-grid\" role=\"list\">\n\t\t\t\t\t\t\t<span class=\"elementor-grid-item\" role=\"listitem\">\n\t\t\t\t\t<a class=\"elementor-icon elementor-social-icon elementor-social-icon-bolt elementor-repeater-item-7f9e7ec\" href=\"http:\/\/patreon.com\/laingenierapoeta\" target=\"_blank\">\n\t\t\t\t\t\t<span class=\"elementor-screen-only\">Bolt<\/span>\n\t\t\t\t\t\t<svg class=\"e-font-icon-svg e-fas-bolt\" viewBox=\"0 0 320 512\" xmlns=\"http:\/\/www.w3.org\/2000\/svg\"><path d=\"M296 160H180.6l42.6-129.8C227.2 15 215.7 0 200 0H56C44 0 33.8 8.9 32.2 20.8l-32 240C-1.7 275.2 9.5 288 24 288h118.7L96.6 482.5c-3.6 15.2 8 29.5 23.3 29.5 8.4 0 16.4-4.4 20.8-12l176-304c9.3-15.9-2.2-36-20.7-36z\"><\/path><\/svg>\t\t\t\t\t<\/a>\n\t\t\t\t<\/span>\n\t\t\t\t\t\t\t<span class=\"elementor-grid-item\" role=\"listitem\">\n\t\t\t\t\t<a class=\"elementor-icon elementor-social-icon elementor-social-icon-bolt elementor-repeater-item-c142b41\" href=\"http:\/\/patreon.com\/laingenierapoeta\" target=\"_blank\">\n\t\t\t\t\t\t<span class=\"elementor-screen-only\">Bolt<\/span>\n\t\t\t\t\t\t<svg class=\"e-font-icon-svg e-fas-bolt\" viewBox=\"0 0 320 512\" xmlns=\"http:\/\/www.w3.org\/2000\/svg\"><path d=\"M296 160H180.6l42.6-129.8C227.2 15 215.7 0 200 0H56C44 0 33.8 8.9 32.2 20.8l-32 240C-1.7 275.2 9.5 288 24 288h118.7L96.6 482.5c-3.6 15.2 8 29.5 23.3 29.5 8.4 0 16.4-4.4 20.8-12l176-304c9.3-15.9-2.2-36-20.7-36z\"><\/path><\/svg>\t\t\t\t\t<\/a>\n\t\t\t\t<\/span>\n\t\t\t\t\t\t\t<span class=\"elementor-grid-item\" role=\"listitem\">\n\t\t\t\t\t<a class=\"elementor-icon elementor-social-icon elementor-social-icon-bolt elementor-repeater-item-2968087\" href=\"http:\/\/patreon.com\/laingenierapoeta\" target=\"_blank\">\n\t\t\t\t\t\t<span class=\"elementor-screen-only\">Bolt<\/span>\n\t\t\t\t\t\t<svg class=\"e-font-icon-svg e-fas-bolt\" viewBox=\"0 0 320 512\" xmlns=\"http:\/\/www.w3.org\/2000\/svg\"><path d=\"M296 160H180.6l42.6-129.8C227.2 15 215.7 0 200 0H56C44 0 33.8 8.9 32.2 20.8l-32 240C-1.7 275.2 9.5 288 24 288h118.7L96.6 482.5c-3.6 15.2 8 29.5 23.3 29.5 8.4 0 16.4-4.4 20.8-12l176-304c9.3-15.9-2.2-36-20.7-36z\"><\/path><\/svg>\t\t\t\t\t<\/a>\n\t\t\t\t<\/span>\n\t\t\t\t\t<\/div>\n\t\t\t\t\t\t<\/div>\n\t\t\t\t<\/div>\n\t\t\t\t\t<\/div>\n\t\t<\/div>\n\t\t\t\t\t<\/div>\n\t\t<\/section>\n\t\t\t\t<\/div>\n\t\t","protected":false},"excerpt":{"rendered":"<p>Libros Poes\u00eda &#8220;poner otro slogan marketing&#8221; &#8220;otro slogan menos intenso&#8221; # 1 desenga\u00f1o:el Ciclo del amor rom\u00e1ntico 2021\u00a0\u00a0 . . . . . . L\u00e9eme # 2 C\u00e1rcel de Autocompasi\u00f3n 2022\u00a0&#8230;&#8230;&#8230;..\u00a0 S\u00edgueme Puede el amor rom\u00e1ntico convertirse en un espejismo que ahoga? Este poemario desnuda las etapas del enamoramiento: desde la idealizaci\u00f3n febril del otro &hellip;<\/p>\n<p class=\"read-more\"> <a class=\"\" href=\"https:\/\/engineerandpoet.com\/index.php\/poesia\/\"> <span class=\"screen-reader-text\">Poes\u00eda<\/span> Leer m\u00e1s &raquo;<\/a><\/p>\n","protected":false},"author":1,"featured_media":0,"parent":0,"menu_order":0,"comment_status":"closed","ping_status":"closed","template":"","meta":{"_eb_attr":"","_uag_custom_page_level_css":"","site-sidebar-layout":"no-sidebar","site-content-layout":"page-builder","ast-global-header-display":"","ast-main-header-display":"","ast-hfb-above-header-display":"","ast-hfb-below-header-display":"","ast-hfb-mobile-header-display":"","site-post-title":"disabled","ast-breadcrumbs-content":"","ast-featured-img":"disabled","footer-sml-layout":"","theme-transparent-header-meta":"","adv-header-id-meta":"","stick-header-meta":"","header-above-stick-meta":"","header-main-stick-meta":"","header-below-stick-meta":"","footnotes":""},"class_list":["post-215","page","type-page","status-publish","hentry"],"uagb_featured_image_src":{"full":false,"thumbnail":false,"medium":false,"medium_large":false,"large":false,"1536x1536":false,"2048x2048":false},"uagb_author_info":{"display_name":"la ingeniera poeta","author_link":"https:\/\/engineerandpoet.com\/index.php\/author\/remordelrio\/"},"uagb_comment_info":0,"uagb_excerpt":"Libros Poes\u00eda &#8220;poner otro slogan marketing&#8221; &#8220;otro slogan menos intenso&#8221; # 1 desenga\u00f1o:el Ciclo del amor rom\u00e1ntico 2021\u00a0\u00a0 . . . . . . L\u00e9eme # 2 C\u00e1rcel de Autocompasi\u00f3n 2022\u00a0&#8230;&#8230;&#8230;..\u00a0 S\u00edgueme Puede el amor rom\u00e1ntico convertirse en un espejismo que ahoga? Este poemario desnuda las etapas del enamoramiento: desde la idealizaci\u00f3n febril del otro&hellip;","_links":{"self":[{"href":"https:\/\/engineerandpoet.com\/index.php\/wp-json\/wp\/v2\/pages\/215","targetHints":{"allow":["GET"]}}],"collection":[{"href":"https:\/\/engineerandpoet.com\/index.php\/wp-json\/wp\/v2\/pages"}],"about":[{"href":"https:\/\/engineerandpoet.com\/index.php\/wp-json\/wp\/v2\/types\/page"}],"author":[{"embeddable":true,"href":"https:\/\/engineerandpoet.com\/index.php\/wp-json\/wp\/v2\/users\/1"}],"replies":[{"embeddable":true,"href":"https:\/\/engineerandpoet.com\/index.php\/wp-json\/wp\/v2\/comments?post=215"}],"version-history":[{"count":82,"href":"https:\/\/engineerandpoet.com\/index.php\/wp-json\/wp\/v2\/pages\/215\/revisions"}],"predecessor-version":[{"id":1857,"href":"https:\/\/engineerandpoet.com\/index.php\/wp-json\/wp\/v2\/pages\/215\/revisions\/1857"}],"wp:attachment":[{"href":"https:\/\/engineerandpoet.com\/index.php\/wp-json\/wp\/v2\/media?parent=215"}],"curies":[{"name":"wp","href":"https:\/\/api.w.org\/{rel}","templated":true}]}}